{"id":17,"date":"2022-11-07T13:27:35","date_gmt":"2022-11-07T12:27:35","guid":{"rendered":"http:\/\/localhost\/chateaudecointes\/?page_id=17"},"modified":"2023-03-17T15:36:55","modified_gmt":"2023-03-17T14:36:55","slug":"contact","status":"publish","type":"page","link":"https:\/\/cointes.fr\/index.php\/contact\/","title":{"rendered":"Contact"},"content":{"rendered":"\n<p>Si vous \u00eates de passage dans la r\u00e9gion, n&rsquo;h\u00e9sitez \u00e0 nous rendre visite. C&rsquo;est avec plaisir qu&rsquo;<strong>Anne Gorostis<\/strong> vous fera d\u00e9guster les vins du domaine<\/p>\n\n\n\n<p>A partir de <strong>Carcassonne<\/strong> prendre la D118 vers <strong>Limoux<\/strong>. A environ 6.5 km, prendre l&#8217;embranchement \u00e0 droite (D211)&nbsp; vers <strong>Roullens<\/strong>. Laisser sur la gauche le chemin qui m\u00e8ne \u00e0 Roullens et continuer tout droit. L&rsquo;entr\u00e9e du Ch\u00e2teau de Cointes se trouve \u00e0 droite. Vous aurez roul\u00e9 4,2 km depuis la D118.<\/p>\n\n\n\n<p><strong>Visites au Caveau<\/strong> l&rsquo;\u00e9t\u00e9 du 15 juin au 15 septembre :<br>Mardi, Mercredi, Jeudi et Vendredi : de 10h30 \u00e0 12h30 et de 17h30 \u00e0 19h00<br>Samedi de 10h30 \u00e0 15h00 sans interruption.<\/p>\n\n\n\n<p>D&rsquo;Octobre \u00e0 Avril, sur rendez-vous.<\/p>\n\n\n\n<p>En dehors de ces horaires, T\u00e9l\u00e9phoner (04 68 26 81 05) ou <a href=\"mailto:infos@chateaudecointes.com\"><strong>Ecrire<\/strong><\/a> avant votre visite vous assurera le meilleur accueil.<\/p>\n\n\n\n<p><strong>Tel<\/strong> : 04 68 26 81 05<\/p>\n\n\n\n<p><strong>Mail<\/strong> : <a rel=\"noreferrer noopener\" href=\"mailto:info@chateaudecointes.com\" target=\"_blank\">info@chateaudecointes.com<\/a><\/p>\n","protected":false},"excerpt":{"rendered":"<p>Si vous \u00eates de passage dans la r\u00e9gion, n&rsquo;h\u00e9sitez \u00e0 nous rendre visite. C&rsquo;est avec plaisir qu&rsquo;Anne Gorostis vous fera\u2026<\/p>\n","protected":false},"author":1,"featured_media":0,"parent":0,"menu_order":0,"comment_status":"closed","ping_status":"closed","template":"page-contact.php","meta":{"_acf_changed":false,"footnotes":""},"class_list":["post-17","page","type-page","status-publish","hentry"],"acf":[],"jetpack_sharing_enabled":true,"_links":{"self":[{"href":"https:\/\/cointes.fr\/index.php\/wp-json\/wp\/v2\/pages\/17","targetHints":{"allow":["GET"]}}],"collection":[{"href":"https:\/\/cointes.fr\/index.php\/wp-json\/wp\/v2\/pages"}],"about":[{"href":"https:\/\/cointes.fr\/index.php\/wp-json\/wp\/v2\/types\/page"}],"author":[{"embeddable":true,"href":"https:\/\/cointes.fr\/index.php\/wp-json\/wp\/v2\/users\/1"}],"replies":[{"embeddable":true,"href":"https:\/\/cointes.fr\/index.php\/wp-json\/wp\/v2\/comments?post=17"}],"version-history":[{"count":5,"href":"https:\/\/cointes.fr\/index.php\/wp-json\/wp\/v2\/pages\/17\/revisions"}],"predecessor-version":[{"id":855,"href":"https:\/\/cointes.fr\/index.php\/wp-json\/wp\/v2\/pages\/17\/revisions\/855"}],"wp:attachment":[{"href":"https:\/\/cointes.fr\/index.php\/wp-json\/wp\/v2\/media?parent=17"}],"curies":[{"name":"wp","href":"https:\/\/api.w.org\/{rel}","templated":true}]}}