{"id":149,"date":"2025-09-01T19:06:03","date_gmt":"2025-09-01T17:06:03","guid":{"rendered":"http:\/\/localhost\/chateaudecointes\/?post_type=product&#038;p=149"},"modified":"2026-01-11T18:27:49","modified_gmt":"2026-01-11T17:27:49","slug":"22coirge1","status":"publish","type":"product","link":"https:\/\/cointes.fr\/index.php\/produit\/22coirge1\/","title":{"rendered":"Chateau de Cointes 2022"},"content":{"rendered":"<p>AOP MALEPERE &#8211; Vin Rouge &#8211; degr\u00e9 : 14.00\u00b0 &#8211; 75 cl<\/p>\n","protected":false},"excerpt":{"rendered":"<p>50% Merlot, 20% Cabernet sauvignon, 20% Cabernet franc, 10% Grenache noir.<br \/>\nVinification traditionnelle.<br \/>\nVin structur\u00e9 et \u00e9quilibr\u00e9 pour une cuisine traditionnelle et le cassoulet.<\/p>\n","protected":false},"featured_media":183,"comment_status":"open","ping_status":"closed","template":"","meta":{"_acf_changed":false},"product_brand":[],"product_cat":[29,34,24],"class_list":{"0":"post-149","1":"product","2":"type-product","3":"status-publish","4":"has-post-thumbnail","6":"product_cat-aop-malepere","7":"product_cat-bio","8":"product_cat-rouge","10":"first","11":"instock","12":"shipping-taxable","13":"purchasable","14":"product-type-simple"},"acf":[],"jetpack_sharing_enabled":true,"_links":{"self":[{"href":"https:\/\/cointes.fr\/index.php\/wp-json\/wp\/v2\/product\/149","targetHints":{"allow":["GET"]}}],"collection":[{"href":"https:\/\/cointes.fr\/index.php\/wp-json\/wp\/v2\/product"}],"about":[{"href":"https:\/\/cointes.fr\/index.php\/wp-json\/wp\/v2\/types\/product"}],"replies":[{"embeddable":true,"href":"https:\/\/cointes.fr\/index.php\/wp-json\/wp\/v2\/comments?post=149"}],"wp:featuredmedia":[{"embeddable":true,"href":"https:\/\/cointes.fr\/index.php\/wp-json\/wp\/v2\/media\/183"}],"wp:attachment":[{"href":"https:\/\/cointes.fr\/index.php\/wp-json\/wp\/v2\/media?parent=149"}],"wp:term":[{"taxonomy":"product_brand","embeddable":true,"href":"https:\/\/cointes.fr\/index.php\/wp-json\/wp\/v2\/product_brand?post=149"},{"taxonomy":"product_cat","embeddable":true,"href":"https:\/\/cointes.fr\/index.php\/wp-json\/wp\/v2\/product_cat?post=149"}],"curies":[{"name":"wp","href":"https:\/\/api.w.org\/{rel}","templated":true}]}}