{"id":156,"date":"2023-01-03T19:29:43","date_gmt":"2023-01-03T18:29:43","guid":{"rendered":"http:\/\/localhost\/chateaudecointes\/?post_type=product&#038;p=156"},"modified":"2025-05-30T10:09:39","modified_gmt":"2025-05-30T08:09:39","slug":"22coimarr1","status":"publish","type":"product","link":"https:\/\/cointes.fr\/index.php\/produit\/22coimarr1\/","title":{"rendered":"Marie Anne 2022"},"content":{"rendered":"<p>AOP MALEPERE &#8211; Vin Rouge &#8211; degr\u00e9 : 15.00\u00b0 &#8211; 75 cl<\/p>\n","protected":false},"excerpt":{"rendered":"<p>AOP MALEPERE &#8211; Vin Rouge &#8211; degr\u00e9 : 15.00\u00b0 &#8211; 75 cl<\/p>\n<p>Sur une s\u00e9lection de parcelles (30hl\/ha).<br \/>\n40% Merlot, 30% Cabernet franc, 30% Grenache noir.<br \/>\nMac\u00e9ration pr\u00e9fermentaire \u00e0 froid.<br \/>\nPour des viandes blanches, le pot au feu, le saumon fum\u00e9, le poisson en sauce et les fromages.<\/p>\n","protected":false},"featured_media":181,"comment_status":"open","ping_status":"closed","template":"","meta":{"_acf_changed":false},"product_brand":[],"product_cat":[29,24],"class_list":{"0":"post-156","1":"product","2":"type-product","3":"status-publish","4":"has-post-thumbnail","6":"product_cat-aop-malepere","7":"product_cat-rouge","9":"first","10":"instock","11":"shipping-taxable","12":"purchasable","13":"product-type-simple"},"acf":[],"jetpack_sharing_enabled":true,"_links":{"self":[{"href":"https:\/\/cointes.fr\/index.php\/wp-json\/wp\/v2\/product\/156","targetHints":{"allow":["GET"]}}],"collection":[{"href":"https:\/\/cointes.fr\/index.php\/wp-json\/wp\/v2\/product"}],"about":[{"href":"https:\/\/cointes.fr\/index.php\/wp-json\/wp\/v2\/types\/product"}],"replies":[{"embeddable":true,"href":"https:\/\/cointes.fr\/index.php\/wp-json\/wp\/v2\/comments?post=156"}],"wp:featuredmedia":[{"embeddable":true,"href":"https:\/\/cointes.fr\/index.php\/wp-json\/wp\/v2\/media\/181"}],"wp:attachment":[{"href":"https:\/\/cointes.fr\/index.php\/wp-json\/wp\/v2\/media?parent=156"}],"wp:term":[{"taxonomy":"product_brand","embeddable":true,"href":"https:\/\/cointes.fr\/index.php\/wp-json\/wp\/v2\/product_brand?post=156"},{"taxonomy":"product_cat","embeddable":true,"href":"https:\/\/cointes.fr\/index.php\/wp-json\/wp\/v2\/product_cat?post=156"}],"curies":[{"name":"wp","href":"https:\/\/api.w.org\/{rel}","templated":true}]}}