{"id":186,"date":"2022-12-29T00:00:39","date_gmt":"2022-12-28T23:00:39","guid":{"rendered":"http:\/\/localhost\/chateaudecointes\/?post_type=product&#038;p=186"},"modified":"2025-05-30T10:07:59","modified_gmt":"2025-05-30T08:07:59","slug":"24coirs1","status":"publish","type":"product","link":"https:\/\/cointes.fr\/index.php\/produit\/24coirs1\/","title":{"rendered":"Ros\u00e9 2024"},"content":{"rendered":"<p>VIN DE FRANCE &#8211; Vin Ros\u00e9 &#8211; degr\u00e9 : 13.00\u00b0 &#8211; 75 cl<\/p>\n","protected":false},"excerpt":{"rendered":"<p>Vin de saign\u00e9e.<br \/>\n50% Cabernet franc, 25% Grenache noir, 25% Cinsault.<br \/>\nVin \u00e0 boire dans sa jeunesse pour l&rsquo;ap\u00e9ritif, les grillades et salades d&rsquo;\u00e9t\u00e9.<\/p>\n","protected":false},"featured_media":187,"comment_status":"open","ping_status":"closed","template":"","meta":{"_acf_changed":false},"product_brand":[],"product_cat":[34,26,31],"class_list":{"0":"post-186","1":"product","2":"type-product","3":"status-publish","4":"has-post-thumbnail","6":"product_cat-bio","7":"product_cat-rose","8":"product_cat-vsig","10":"first","11":"instock","12":"shipping-taxable","13":"purchasable","14":"product-type-simple"},"acf":[],"jetpack_sharing_enabled":true,"_links":{"self":[{"href":"https:\/\/cointes.fr\/index.php\/wp-json\/wp\/v2\/product\/186","targetHints":{"allow":["GET"]}}],"collection":[{"href":"https:\/\/cointes.fr\/index.php\/wp-json\/wp\/v2\/product"}],"about":[{"href":"https:\/\/cointes.fr\/index.php\/wp-json\/wp\/v2\/types\/product"}],"replies":[{"embeddable":true,"href":"https:\/\/cointes.fr\/index.php\/wp-json\/wp\/v2\/comments?post=186"}],"wp:featuredmedia":[{"embeddable":true,"href":"https:\/\/cointes.fr\/index.php\/wp-json\/wp\/v2\/media\/187"}],"wp:attachment":[{"href":"https:\/\/cointes.fr\/index.php\/wp-json\/wp\/v2\/media?parent=186"}],"wp:term":[{"taxonomy":"product_brand","embeddable":true,"href":"https:\/\/cointes.fr\/index.php\/wp-json\/wp\/v2\/product_brand?post=186"},{"taxonomy":"product_cat","embeddable":true,"href":"https:\/\/cointes.fr\/index.php\/wp-json\/wp\/v2\/product_cat?post=186"}],"curies":[{"name":"wp","href":"https:\/\/api.w.org\/{rel}","templated":true}]}}