{"id":188,"date":"2025-04-13T00:00:02","date_gmt":"2025-04-12T22:00:02","guid":{"rendered":"http:\/\/localhost\/chateaudecointes\/?post_type=product&#038;p=188"},"modified":"2026-01-11T18:27:35","modified_gmt":"2026-01-11T17:27:35","slug":"22coisyr1","status":"publish","type":"product","link":"https:\/\/cointes.fr\/index.php\/produit\/22coisyr1\/","title":{"rendered":"SYRHA 2022"},"content":{"rendered":"<p>IGP AUDE COTES DE PROUILHE &#8211; Vin Rouge &#8211; degr\u00e9 : 13.50\u00b0 &#8211; 75 cl<\/p>\n","protected":false},"excerpt":{"rendered":"<p>Mac\u00e9ration pr\u00e9fermentaire pour un vin \u00e0 haute expression florale et fruit\u00e9e.<br \/>\nCuisine exotique et gigot d&rsquo;agneau.<\/p>\n","protected":false},"featured_media":189,"comment_status":"open","ping_status":"closed","template":"","meta":{"_acf_changed":false},"product_brand":[],"product_cat":[34,30,24],"class_list":{"0":"post-188","1":"product","2":"type-product","3":"status-publish","4":"has-post-thumbnail","6":"product_cat-bio","7":"product_cat-igp-aude","8":"product_cat-rouge","10":"first","11":"instock","12":"shipping-taxable","13":"purchasable","14":"product-type-simple"},"acf":[],"jetpack_sharing_enabled":true,"_links":{"self":[{"href":"https:\/\/cointes.fr\/index.php\/wp-json\/wp\/v2\/product\/188","targetHints":{"allow":["GET"]}}],"collection":[{"href":"https:\/\/cointes.fr\/index.php\/wp-json\/wp\/v2\/product"}],"about":[{"href":"https:\/\/cointes.fr\/index.php\/wp-json\/wp\/v2\/types\/product"}],"replies":[{"embeddable":true,"href":"https:\/\/cointes.fr\/index.php\/wp-json\/wp\/v2\/comments?post=188"}],"wp:featuredmedia":[{"embeddable":true,"href":"https:\/\/cointes.fr\/index.php\/wp-json\/wp\/v2\/media\/189"}],"wp:attachment":[{"href":"https:\/\/cointes.fr\/index.php\/wp-json\/wp\/v2\/media?parent=188"}],"wp:term":[{"taxonomy":"product_brand","embeddable":true,"href":"https:\/\/cointes.fr\/index.php\/wp-json\/wp\/v2\/product_brand?post=188"},{"taxonomy":"product_cat","embeddable":true,"href":"https:\/\/cointes.fr\/index.php\/wp-json\/wp\/v2\/product_cat?post=188"}],"curies":[{"name":"wp","href":"https:\/\/api.w.org\/{rel}","templated":true}]}}